{"id":21,"date":"2023-03-22T19:15:57","date_gmt":"2023-03-22T18:15:57","guid":{"rendered":"https:\/\/multitom.pl\/?page_id=21"},"modified":"2023-04-04T23:13:14","modified_gmt":"2023-04-04T21:13:14","slug":"biuro-rachunkowe","status":"publish","type":"page","link":"https:\/\/multitom.pl\/","title":{"rendered":"Profesjonalne biuro rachunkowe"},"content":{"rendered":"\n<p>Jeste\u015bmy zespo\u0142em do\u015bwiadczonych ksi\u0119gowych i doradc\u00f3w podatkowych, kt\u00f3rzy zapewniaj\u0105 profesjonaln\u0105 obs\u0142ug\u0119 dla firm oraz os\u00f3b prywatnych. Oferujemy kompleksowe us\u0142ugi rachunkowe, kt\u00f3re obejmuj\u0105 m.in. prowadzenie ksi\u0105g rachunkowych, rozliczanie podatk\u00f3w oraz \u015bwiadczenie doradztwa finansowego.<\/p>\n\n\n\n<p>Nasze biuro rachunkowe zapewnia wysok\u0105 jako\u015b\u0107 us\u0142ug oraz pe\u0142ne zaanga\u017cowanie w ka\u017cde zadanie. Nasi eksperci zawsze s\u0105 do Pa\u0144stwa dyspozycji, aby pom\u00f3c w rozwi\u0105zaniu problem\u00f3w zwi\u0105zanych z rachunkowo\u015bci\u0105 i podatkami.<\/p>\n\n\n\n<p>Nasza oferta skierowana jest do firm, kt\u00f3re chc\u0105 zleci\u0107 prowadzenie ksi\u0105g rachunkowych i rozlicze\u0144 podatkowych profesjonalnej firmie, kt\u00f3ra zapewni pe\u0142n\u0105 poufno\u015b\u0107 i bezpiecze\u0144stwo przetwarzania danych.<\/p>\n\n\n\n<p>Ponadto, nasze biuro rachunkowe oferuje r\u00f3wnie\u017c us\u0142ugi doradztwa podatkowego i finansowego, kt\u00f3re pomog\u0105 w optymalizacji koszt\u00f3w i zwi\u0119kszeniu efektywno\u015bci dzia\u0142alno\u015bci.<\/p>\n\n\n\n<p>Nasze biuro rachunkowe jest wyposa\u017cone w nowoczesne oprogramowanie i systemy informatyczne, co umo\u017cliwia nam szybkie i skuteczne przetwarzanie danych oraz zachowanie pe\u0142nej poufno\u015bci.<\/p>\n\n\n\n<p>Zapraszamy do skorzystania z naszych us\u0142ug i do\u0142\u0105czenia do grona zadowolonych klient\u00f3w. Kontakt z naszym biurem rachunkowym to gwarancja pe\u0142nego profesjonalizmu i jako\u015bci \u015bwiadczonych us\u0142ug.<\/p>\n","protected":false},"excerpt":{"rendered":"<p>Jeste\u015bmy zespo\u0142em do\u015bwiadczonych ksi\u0119gowych i doradc\u00f3w podatkowych, kt\u00f3rzy zapewniaj\u0105 profesjonaln\u0105 obs\u0142ug\u0119 dla firm oraz os\u00f3b prywatnych. Oferujemy kompleksowe us\u0142ugi rachunkowe, kt\u00f3re obejmuj\u0105 m.in. prowadzenie ksi\u0105g rachunkowych, rozliczanie podatk\u00f3w oraz \u015bwiadczenie doradztwa finansowego. Nasze biuro rachunkowe zapewnia wysok\u0105 jako\u015b\u0107 us\u0142ug oraz pe\u0142ne zaanga\u017cowanie w ka\u017cde zadanie. Nasi eksperci zawsze s\u0105 do Pa\u0144stwa dyspozycji, aby pom\u00f3c w [&hellip;]<\/p>\n","protected":false},"author":1,"featured_media":0,"parent":0,"menu_order":0,"comment_status":"closed","ping_status":"closed","template":"page-no-separators","meta":{"footnotes":""},"class_list":["post-21","page","type-page","status-publish","hentry"],"_links":{"self":[{"href":"https:\/\/multitom.pl\/index.php\/wp-json\/wp\/v2\/pages\/21","targetHints":{"allow":["GET"]}}],"collection":[{"href":"https:\/\/multitom.pl\/index.php\/wp-json\/wp\/v2\/pages"}],"about":[{"href":"https:\/\/multitom.pl\/index.php\/wp-json\/wp\/v2\/types\/page"}],"author":[{"embeddable":true,"href":"https:\/\/multitom.pl\/index.php\/wp-json\/wp\/v2\/users\/1"}],"replies":[{"embeddable":true,"href":"https:\/\/multitom.pl\/index.php\/wp-json\/wp\/v2\/comments?post=21"}],"version-history":[{"count":3,"href":"https:\/\/multitom.pl\/index.php\/wp-json\/wp\/v2\/pages\/21\/revisions"}],"predecessor-version":[{"id":54,"href":"https:\/\/multitom.pl\/index.php\/wp-json\/wp\/v2\/pages\/21\/revisions\/54"}],"wp:attachment":[{"href":"https:\/\/multitom.pl\/index.php\/wp-json\/wp\/v2\/media?parent=21"}],"curies":[{"name":"wp","href":"https:\/\/api.w.org\/{rel}","templated":true}]}}